{"id":45,"date":"2022-04-16T14:31:07","date_gmt":"2022-04-16T14:31:07","guid":{"rendered":"https:\/\/d3mlabs.de\/?page_id=45"},"modified":"2026-04-14T03:53:21","modified_gmt":"2026-04-14T03:53:21","slug":"ueber-uns","status":"publish","type":"page","link":"https:\/\/d3mlabs.de\/?page_id=45","title":{"rendered":"Elizabeth Press, ROI on Digital Business Advisory &amp; Journalism"},"content":{"rendered":"\n<p><strong>Profitable growth <\/strong><\/p>\n\n\n\n<p>Leader and expert in strategy, finance, and data, specializing in data-driven ROI, compliance, and cybersecurity. Proven track record in economic cluster development, venture financing, and driving profitable growth.<\/p>\n\n\n\n<p>Cases of Profitable Growth<\/p>\n\n\n\n<ul class=\"wp-block-list\">\n<li>7-digit soft savings for a Berlin-based scale up due to optimized data processes &amp; governance, successful data tiering &amp; life cycle management and improved organizational architecture. <\/li>\n\n\n\n<li>Leading the due diligence and successfully closing a 68 Million USD Series B financing round for a Berlin Scale-up from a top-tier Silicon Valley investor. <\/li>\n\n\n\n<li>Technical product management of a digital twin project that was the first industrial app to be commercialized by a major German industrial company.<\/li>\n\n\n\n<li>Double digit incremental revenue and up to 5x improved conversion within one quarter in 17 EMEA countries created through improved customer targeting and campaign management due to usage of predictive analytics and delivery through a digital sales management interface. <\/li>\n<\/ul>\n\n\n\n<p>My track record includes building profitable, cash-flow positive, highly motivated teams in manufacturing, banking, federal ministries, B2C and NGOs, working with executives and top investors. A globally minded leader and entrepreneur who has lived and professionally worked in 6 countries across 3 continents, I can manage diversity and inspire cross-functionally &#8211; and virtually.<\/p>\n\n\n\n<p>Contact: Elizabeth.Press@d3mlabs.de    <\/p>\n\n\n\n<p><strong>English<\/strong><\/p>\n\n\n\n<p>I am currently Deputy Chief Digital Officer at chesco. My focus is on managing IT operations and delivering robust cybersecurity, underpinned by ISO 9001 and ISO 27001 frameworks. We uphold stringent quality and security standards, ensuring that our cutting-edge research in hybrid electric systems is supported by a resilient digital backbone.<\/p>\n\n\n\n<p>Additionally, I am passionate about working for the structural economic development of the Lausitz region by working with businesses to improve cybersecurity and data management.<\/p>\n\n\n\n<p>For the past few years, I have been Director of Data and Head of Business Intelligence for Berlin-based scale-ups and have built high performing business analyst, data science and data engineering teams, as well as have led the team largely responsible for one of the largest Series B fundraising for a European-based EdTech company from the US-based tech investor Summit Partners.<\/p>\n\n\n\n<p>I was the co-founder of D3M Labs, a company dedicated to bringing data-driven decision making and AI-enabled products to organizations small and large, public, private, for profit and NGO on both sides of the Atlantic. Before D3M Labs, I built up and managed business intelligence, predictive analytics and customer lifetime value functions in Germany and globally for Dell. Previous to working at Dell, I worked in management consulting and comes with a background in both quantitative finance and buyer &amp; seller-side due diligence. <\/p>\n\n\n\n<p>My first career was journalism, working for news outlets including the Connecticut Post, Aufbau, The Local (in Sweden), Deutsche Welle and Associated Press. I even did a short internship Le Figaro in Paris. Although my love for writing started at an early age, my first &#8222;gig&#8220; was at the Tufts Observer, where I was an Editor for the Opinion section and covered sailing and crew for the sports pages. <\/p>\n\n\n\n<p><strong>Deutsch<\/strong><\/p>\n\n\n\n<p><strong>Profitables Wachstum<\/strong><\/p>\n\n\n\n<p>F\u00fchrungspers\u00f6nlichkeit und Experte f\u00fcr Strategie, Finanzen und Daten, spezialisiert auf datengesteuerte Kapitalrendite, Compliance und Cybersicherheit. Nachgewiesene Erfolgsbilanz in den Bereichen Entwicklung von Wirtschaftsclustern, Risikofinanzierung und F\u00f6rderung von profitablem Wachstum.<\/p>\n\n\n\n<p><span style=\"text-decoration: underline;\">Beispiele f\u00fcr profitables Wachstum<\/span><\/p>\n\n\n\n<p>7-stellige weiche Einsparungen f\u00fcr ein in Berlin ans\u00e4ssiges Scale-up-Unternehmen durch optimierte Datenprozesse und Governance, erfolgreiches Data Tiering und Life Cycle Management sowie verbesserte Organisationsarchitektur.<\/p>\n\n\n\n<p>Leitung der Due Diligence und erfolgreicher Abschluss einer Serie-B-Finanzierungsrunde in H\u00f6he von 68 Mio. USD f\u00fcr ein Berliner Scale-up-Unternehmen durch einen hochkar\u00e4tigen Silicon Valley-Investor.<\/p>\n\n\n\n<p>Technisches Produktmanagement eines digitalen Zwillingsprojekts, das die erste industrielle App war, die von einem gro\u00dfen deutschen Industrieunternehmen kommerzialisiert wurde.<\/p>\n\n\n\n<p>Zweistellige Umsatzzuw\u00e4chse und eine bis zu 5-fache Steigerung der Konversionsrate innerhalb eines Quartals in 17 EMEA-L\u00e4ndern durch verbessertes Kunden-Targeting und Kampagnenmanagement aufgrund der Nutzung von Predictive Analytics und der Bereitstellung \u00fcber eine digitale Vertriebsmanagement-Schnittstelle.<\/p>\n\n\n\n<p>Kontakt: Elizabeth.Press@d3mlabs.de <\/p>\n\n\n\n<p>Meine Geschichte:<\/p>\n\n\n\n<p>Ich bin derzeit Stellvertretende Chief Digital Officer bei chesco. Mein Schwerpunkt liegt auf der Verwaltung des IT-Betriebs und der Gew\u00e4hrleistung einer soliden Cybersicherheit, die durch die Rahmenwerke ISO 9001 und ISO 27001 gest\u00fctzt wird. Wir halten strenge Qualit\u00e4ts- und Sicherheitsstandards ein und stellen sicher, dass unsere Spitzenforschung auf dem Gebiet der Hybrid-Elektrizit\u00e4tssysteme von einem stabilen digitalen Backbone unterst\u00fctzt wird.<\/p>\n\n\n\n<p>Ferner setze ich mich mit Leidenschaft f\u00fcr die strukturelle wirtschaftliche Entwicklung der Lausitz ein, indem ich mit Unternehmen zusammenarbeite, um die Cybersicherheit und das Datenmanagement zu verbessern.<\/p>\n\n\n\n<p>In den letzten Jahren war ich als Director of Data und Head of Business Intelligence f\u00fcr einige Berliner Scale-up-Unternehmen t\u00e4tig und habe leistungsstarke Business-Analysten-, Data-Science- und Data-Engineering-Teams aufgebaut sowie das Team geleitet, das ma\u00dfgeblich f\u00fcr eine der gr\u00f6\u00dften Series-B-Finanzierungen f\u00fcr ein europ\u00e4isches EdTech-Unternehmen durch den US-Tech-Investor Summit Partners verantwortlich war.<\/p>\n\n\n\n<p>Ich war Mitbegr\u00fcnderin von D3M Labs, einem Unternehmen, das datengesteuerte Entscheidungsfindung und KI-gest\u00fctzte Produkte f\u00fcr kleine und gro\u00dfe, \u00f6ffentliche, private, gemeinn\u00fctzige und nichtstaatliche Organisationen auf beiden Seiten des Atlantiks anbietet. Vor D3M Labs habe ich f\u00fcr Dell in Deutschland und weltweit Funktionen f\u00fcr Business Intelligence, Predictive Analytics und Customer Lifetime Value aufgebaut und geleitet. Vor meiner T\u00e4tigkeit bei Dell war ich in der Unternehmensberatung t\u00e4tig und verf\u00fcge \u00fcber Erfahrungen im Bereich der quantitativen Finanzen und der Due Diligence auf K\u00e4ufer- und Verk\u00e4uferseite.<\/p>\n\n\n\n<p>Meine erste Karriere war im Journalismus, wo ich unter anderem f\u00fcr die Connecticut Post, Aufbau, The Local (in Schweden), Deutsche Welle und Associated Press gearbeitet habe. Ich habe sogar ein kurzes Praktikum bei Le Figaro in Paris gemacht. Obwohl ich mich schon fr\u00fch f\u00fcr das Schreiben begeisterte, war mein erster &#8222;Job&#8220; beim Tufts Observer, wo ich als Redakteurin f\u00fcr die Meinungsseite t\u00e4tig war und f\u00fcr die Sportseiten \u00fcber Segeln und Rudern berichtete.<\/p>\n\n\n\n<p><\/p>\n\n\n\n<p class=\"has-large-font-size\"><strong>About the blog<\/strong><\/p>\n\n\n\n<p><strong>English<\/strong><\/p>\n\n\n\n<p>Based on my learnings from running D3M Labs and other professional experiences, I have repurposed developed the D3M Labs Data Blog to discuss data, decision science and innovation.<\/p>\n\n\n\n<p><strong>German<\/strong><\/p>\n\n\n\n<p>Auf der Grundlage meiner Erkenntnisse aus der F\u00fchrung von D3M Labs und anderen beruflichen Erfahrungen habe ich den D3M Labs Data Blog entwickelt, um \u00fcber Daten, Entscheidungswissenschaft und Innovation zu diskutieren.<\/p>\n\n\n\n<p><\/p>\n\n\n\n<p><\/p>\n\n\n\n<p><\/p>\n","protected":false},"excerpt":{"rendered":"<p>Profitable growth Leader and expert in strategy, finance, and data, specializing in data-driven ROI, compliance, and cybersecurity&#8230;.<\/p>\n","protected":false},"author":1,"featured_media":0,"parent":0,"menu_order":0,"comment_status":"closed","ping_status":"closed","template":"","meta":{"om_disable_all_campaigns":false,"_monsterinsights_skip_tracking":false,"_monsterinsights_sitenote_active":false,"_monsterinsights_sitenote_note":"","_monsterinsights_sitenote_category":0,"_uf_show_specific_survey":0,"_uf_disable_surveys":false,"footnotes":""},"class_list":["post-45","page","type-page","status-publish","hentry"],"aioseo_notices":[],"_links":{"self":[{"href":"https:\/\/d3mlabs.de\/index.php?rest_route=\/wp\/v2\/pages\/45","targetHints":{"allow":["GET"]}}],"collection":[{"href":"https:\/\/d3mlabs.de\/index.php?rest_route=\/wp\/v2\/pages"}],"about":[{"href":"https:\/\/d3mlabs.de\/index.php?rest_route=\/wp\/v2\/types\/page"}],"author":[{"embeddable":true,"href":"https:\/\/d3mlabs.de\/index.php?rest_route=\/wp\/v2\/users\/1"}],"replies":[{"embeddable":true,"href":"https:\/\/d3mlabs.de\/index.php?rest_route=%2Fwp%2Fv2%2Fcomments&post=45"}],"version-history":[{"count":12,"href":"https:\/\/d3mlabs.de\/index.php?rest_route=\/wp\/v2\/pages\/45\/revisions"}],"predecessor-version":[{"id":1663,"href":"https:\/\/d3mlabs.de\/index.php?rest_route=\/wp\/v2\/pages\/45\/revisions\/1663"}],"wp:attachment":[{"href":"https:\/\/d3mlabs.de\/index.php?rest_route=%2Fwp%2Fv2%2Fmedia&parent=45"}],"curies":[{"name":"wp","href":"https:\/\/api.w.org\/{rel}","templated":true}]}}